{"id":30,"date":"2025-06-10T12:52:33","date_gmt":"2025-06-10T12:52:33","guid":{"rendered":"https:\/\/maquinaria.actiontracker.eu\/?page_id=30"},"modified":"2025-06-10T12:53:55","modified_gmt":"2025-06-10T12:53:55","slug":"vehiculos-y-maquinaria-inicio","status":"publish","type":"page","link":"https:\/\/maquinaria.actiontracker.eu\/","title":{"rendered":"Vehiculos y Maquinaria Inicio"},"content":{"rendered":"\t\t<div data-elementor-type=\"wp-page\" data-elementor-id=\"30\" class=\"elementor elementor-30\" data-elementor-post-type=\"page\">\n\t\t\t\t<div class=\"elementor-element elementor-element-5591bb74 e-flex e-con-boxed e-con e-parent\" data-id=\"5591bb74\" data-element_type=\"container\" data-settings=\"{&quot;background_background&quot;:&quot;classic&quot;}\">\n\t\t\t\t\t<div class=\"e-con-inner\">\n\t\t<div class=\"elementor-element elementor-element-add492e e-con-full e-flex e-con e-child\" data-id=\"add492e\" data-element_type=\"container\">\n\t\t<div class=\"elementor-element elementor-element-7bdf7d3e e-con-full e-flex e-con e-child\" data-id=\"7bdf7d3e\" data-element_type=\"container\">\n\t\t<div class=\"elementor-element elementor-element-554cdb7a e-con-full e-flex e-con e-child\" data-id=\"554cdb7a\" data-element_type=\"container\">\n\t\t\t\t<div class=\"elementor-element elementor-element-6e8f38f1 elementor-widget elementor-widget-image\" data-id=\"6e8f38f1\" data-element_type=\"widget\" data-widget_type=\"image.default\">\n\t\t\t\t<div class=\"elementor-widget-container\">\n\t\t\t\t\t\t\t\t\t\t\t\t\t\t\t<img decoding=\"async\" width=\"151\" height=\"44\" src=\"https:\/\/maquinaria.actiontracker.eu\/wp-content\/uploads\/2025\/06\/Sin-titulo-1-26-2.png\" class=\"attachment-full size-full wp-image-10\" alt=\"\" \/>\t\t\t\t\t\t\t\t\t\t\t\t\t\t\t<\/div>\n\t\t\t\t<\/div>\n\t\t\t\t<\/div>\n\t\t<div class=\"elementor-element elementor-element-1164203c e-con-full e-flex e-con e-child\" data-id=\"1164203c\" data-element_type=\"container\">\n\t\t\t\t<div class=\"elementor-element elementor-element-2819ec09 elementor-widget elementor-widget-heading\" data-id=\"2819ec09\" data-element_type=\"widget\" data-widget_type=\"heading.default\">\n\t\t\t\t<div class=\"elementor-widget-container\">\n\t\t\t\t\t<h2 class=\"elementor-heading-title elementor-size-default\">Un ecosistema de soluciones para<\/h2>\t\t\t\t<\/div>\n\t\t\t\t<\/div>\n\t\t\t\t<div class=\"elementor-element elementor-element-427c371c elementor-widget elementor-widget-heading\" data-id=\"427c371c\" data-element_type=\"widget\" data-widget_type=\"heading.default\">\n\t\t\t\t<div class=\"elementor-widget-container\">\n\t\t\t\t\t<h2 class=\"elementor-heading-title elementor-size-default\">Veh\u00edculos y Maquinaria<\/h2>\t\t\t\t<\/div>\n\t\t\t\t<\/div>\n\t\t\t\t<div class=\"elementor-element elementor-element-3ceb5ef5 elementor-widget elementor-widget-button\" data-id=\"3ceb5ef5\" data-element_type=\"widget\" data-widget_type=\"button.default\">\n\t\t\t\t<div class=\"elementor-widget-container\">\n\t\t\t\t\t\t\t\t\t<div class=\"elementor-button-wrapper\">\n\t\t\t\t\t<a class=\"elementor-button elementor-button-link elementor-size-sm\" href=\"https:\/\/actiontracker.eu\/contactenos\/\">\n\t\t\t\t\t\t<span class=\"elementor-button-content-wrapper\">\n\t\t\t\t\t\t\t\t\t<span class=\"elementor-button-text\">Quiero saber m\u00e1s<\/span>\n\t\t\t\t\t<\/span>\n\t\t\t\t\t<\/a>\n\t\t\t\t<\/div>\n\t\t\t\t\t\t\t\t<\/div>\n\t\t\t\t<\/div>\n\t\t\t\t<\/div>\n\t\t\t\t<\/div>\n\t\t\t\t<\/div>\n\t\t<div class=\"elementor-element elementor-element-3b7d334e e-con-full elementor-hidden-tablet elementor-hidden-mobile e-flex e-con e-child\" data-id=\"3b7d334e\" data-element_type=\"container\">\n\t\t\t\t<\/div>\n\t\t\t\t\t<\/div>\n\t\t\t\t<\/div>\n\t\t<div class=\"elementor-element elementor-element-37d8b292 e-flex e-con-boxed e-con e-parent\" data-id=\"37d8b292\" data-element_type=\"container\">\n\t\t\t\t\t<div class=\"e-con-inner\">\n\t\t<div class=\"elementor-element elementor-element-5d8fc053 e-con-full e-flex e-con e-child\" data-id=\"5d8fc053\" data-element_type=\"container\" data-settings=\"{&quot;background_background&quot;:&quot;classic&quot;}\">\n\t\t<div class=\"elementor-element elementor-element-2dfd97d0 e-con-full e-flex e-con e-child\" data-id=\"2dfd97d0\" data-element_type=\"container\">\n\t\t\t\t<div class=\"elementor-element elementor-element-42564bca elementor-widget elementor-widget-heading\" data-id=\"42564bca\" data-element_type=\"widget\" data-widget_type=\"heading.default\">\n\t\t\t\t<div class=\"elementor-widget-container\">\n\t\t\t\t\t<h3 class=\"elementor-heading-title elementor-size-default\">A trav\u00e9s de una <span class=\"orange\">interfaz intuitiva<\/span> y conectividad avanzada,  <span class=\"orange\">permite un control y seguridad total <\/span> en el entorno de trabajo.<\/h3>\t\t\t\t<\/div>\n\t\t\t\t<\/div>\n\t\t\t\t<\/div>\n\t\t<div class=\"elementor-element elementor-element-592fe827 e-con-full e-flex e-con e-child\" data-id=\"592fe827\" data-element_type=\"container\">\n\t\t\t\t<div class=\"elementor-element elementor-element-210cc453 elementor-widget elementor-widget-image\" data-id=\"210cc453\" data-element_type=\"widget\" data-widget_type=\"image.default\">\n\t\t\t\t<div class=\"elementor-widget-container\">\n\t\t\t\t\t\t\t\t\t\t\t\t\t\t\t<img fetchpriority=\"high\" decoding=\"async\" width=\"325\" height=\"529\" src=\"https:\/\/maquinaria.actiontracker.eu\/wp-content\/uploads\/2025\/06\/Group-187.png\" class=\"attachment-full size-full wp-image-33\" alt=\"caracteristicas y soluciones para vehiculos y maquinarias actiontracker\" srcset=\"https:\/\/maquinaria.actiontracker.eu\/wp-content\/uploads\/2025\/06\/Group-187.png 325w, https:\/\/maquinaria.actiontracker.eu\/wp-content\/uploads\/2025\/06\/Group-187-184x300.png 184w\" sizes=\"(max-width: 325px) 100vw, 325px\" \/>\t\t\t\t\t\t\t\t\t\t\t\t\t\t\t<\/div>\n\t\t\t\t<\/div>\n\t\t\t\t<\/div>\n\t\t\t\t<\/div>\n\t\t\t\t\t<\/div>\n\t\t\t\t<\/div>\n\t\t<div class=\"elementor-element elementor-element-361fdde3 e-con-full e-flex e-con e-parent\" data-id=\"361fdde3\" data-element_type=\"container\" data-settings=\"{&quot;background_background&quot;:&quot;classic&quot;}\">\n\t\t\t\t<\/div>\n\t\t<div class=\"elementor-element elementor-element-5c6be1fe e-con-full e-flex e-con e-parent\" data-id=\"5c6be1fe\" data-element_type=\"container\" data-settings=\"{&quot;background_background&quot;:&quot;classic&quot;}\">\n\t\t<div class=\"elementor-element elementor-element-32e6773d e-con-full e-flex e-con e-child\" data-id=\"32e6773d\" data-element_type=\"container\">\n\t\t\t\t<div class=\"elementor-element elementor-element-54ff2f5 elementor-widget elementor-widget-text-editor\" data-id=\"54ff2f5\" data-element_type=\"widget\" data-widget_type=\"text-editor.default\">\n\t\t\t\t<div class=\"elementor-widget-container\">\n\t\t\t\t\t\t\t\t\t<p>Exocare ha sido dise\u00f1ada para responder a los desaf\u00edos operativos y de seguridad que enfrentan la industria e\u00f3lica. Su implementaci\u00f3n no solo transforma la gesti\u00f3n operativa, sino que ofrece beneficios concretos y medibles en t\u00e9rminos de seguridad, eficiencia y sostenibilidad econ\u00f3mica.<br \/><br \/>La gesti\u00f3n inteligente de tareas, que permite asignar, supervisar y validar actividades en tiempo real, ya sea a trabajadores individuales, cuadrillas o subcontratas. <br \/><br \/>Ademas en entornos peligrosos, el sistema de alertas ofrece monitoreo en tiempo real y protocolos de respuesta automatizados que permiten actuar con rapidez ante cualquier incidente, minimizando riesgos humanos, materiales e impactando directamente en una menor incidencia de bajas laborales, la reducci\u00f3n de costes econ\u00f3micos asociados a la interrupci\u00f3n de actividades, reemplazos o sanciones legales.<br \/><br \/>Gracias a su funcionalidad de geolocalizaci\u00f3n en tiempo real, es posible saber con exactitud d\u00f3nde se encuentran tanto el personal como los equipos,mejorando la log\u00edstica.<\/p>\t\t\t\t\t\t\t\t<\/div>\n\t\t\t\t<\/div>\n\t\t\t\t<\/div>\n\t\t<div class=\"elementor-element elementor-element-54ab98b9 e-con-full e-flex e-con e-child\" data-id=\"54ab98b9\" data-element_type=\"container\">\n\t\t\t\t<div class=\"elementor-element elementor-element-588da896 elementor-widget elementor-widget-video\" data-id=\"588da896\" data-element_type=\"widget\" data-settings=\"{&quot;youtube_url&quot;:&quot;https:\\\/\\\/www.youtube.com\\\/watch?v=hvnFYgEtAC4&quot;,&quot;video_type&quot;:&quot;youtube&quot;,&quot;controls&quot;:&quot;yes&quot;}\" data-widget_type=\"video.default\">\n\t\t\t\t<div class=\"elementor-widget-container\">\n\t\t\t\t\t\t\t<div class=\"elementor-wrapper elementor-open-inline\">\n\t\t\t<div class=\"elementor-video\"><\/div>\t\t<\/div>\n\t\t\t\t\t\t<\/div>\n\t\t\t\t<\/div>\n\t\t\t\t<\/div>\n\t\t\t\t<\/div>\n\t\t<div class=\"elementor-element elementor-element-1863e98b e-flex e-con-boxed e-con e-parent\" data-id=\"1863e98b\" data-element_type=\"container\">\n\t\t\t\t\t<div class=\"e-con-inner\">\n\t\t<div class=\"elementor-element elementor-element-2ef162ef e-con-full e-flex e-con e-child\" data-id=\"2ef162ef\" data-element_type=\"container\">\n\t\t\t\t<div class=\"elementor-element elementor-element-2fd88651 elementor-widget elementor-widget-heading\" data-id=\"2fd88651\" data-element_type=\"widget\" data-widget_type=\"heading.default\">\n\t\t\t\t<div class=\"elementor-widget-container\">\n\t\t\t\t\t<h3 class=\"elementor-heading-title elementor-size-default\"><b>Exocare es una aliada clave!<\/b> \npara optimizar recursos, proteger al equipo humano y garantizar la continuidad de las operaciones en los sectores m\u00e1s exigentes.<\/h3>\t\t\t\t<\/div>\n\t\t\t\t<\/div>\n\t\t\t\t<\/div>\n\t\t\t\t\t<\/div>\n\t\t\t\t<\/div>\n\t\t<div class=\"elementor-element elementor-element-310ae2d9 e-con-full e-flex e-con e-parent\" data-id=\"310ae2d9\" data-element_type=\"container\" data-settings=\"{&quot;background_background&quot;:&quot;classic&quot;}\">\n\t\t<div class=\"elementor-element elementor-element-3fe0e602 e-con-full e-flex e-con e-child\" data-id=\"3fe0e602\" data-element_type=\"container\">\n\t\t\t\t<div class=\"elementor-element elementor-element-2b398513 elementor-widget elementor-widget-heading\" data-id=\"2b398513\" data-element_type=\"widget\" data-widget_type=\"heading.default\">\n\t\t\t\t<div class=\"elementor-widget-container\">\n\t\t\t\t\t<h2 class=\"elementor-heading-title elementor-size-default\">\u00bfBuscas seguridad para el personal y los bienes de tu empresa?<\/h2>\t\t\t\t<\/div>\n\t\t\t\t<\/div>\n\t\t\t\t<div class=\"elementor-element elementor-element-7223bde6 elementor-widget elementor-widget-heading\" data-id=\"7223bde6\" data-element_type=\"widget\" data-widget_type=\"heading.default\">\n\t\t\t\t<div class=\"elementor-widget-container\">\n\t\t\t\t\t<h2 class=\"elementor-heading-title elementor-size-default\">Cont\u00e1ctanos y recibe toda la informaci\u00f3n que necesitas<\/h2>\t\t\t\t<\/div>\n\t\t\t\t<\/div>\n\t\t\t\t<div class=\"elementor-element elementor-element-121ff187 elementor-widget elementor-widget-button\" data-id=\"121ff187\" data-element_type=\"widget\" data-widget_type=\"button.default\">\n\t\t\t\t<div class=\"elementor-widget-container\">\n\t\t\t\t\t\t\t\t\t<div class=\"elementor-button-wrapper\">\n\t\t\t\t\t<a class=\"elementor-button elementor-button-link elementor-size-sm\" href=\"https:\/\/actiontracker.eu\/contactenos\/\">\n\t\t\t\t\t\t<span class=\"elementor-button-content-wrapper\">\n\t\t\t\t\t\t\t\t\t<span class=\"elementor-button-text\">Contactar<\/span>\n\t\t\t\t\t<\/span>\n\t\t\t\t\t<\/a>\n\t\t\t\t<\/div>\n\t\t\t\t\t\t\t\t<\/div>\n\t\t\t\t<\/div>\n\t\t\t\t<\/div>\n\t\t\t\t<\/div>\n\t\t\t\t<\/div>\n\t\t","protected":false},"excerpt":{"rendered":"<p>Un ecosistema de soluciones para Veh\u00edculos y Maquinaria Quiero saber m\u00e1s A trav\u00e9s de una interfaz intuitiva y conectividad avanzada, [&hellip;]<\/p>\n","protected":false},"author":1,"featured_media":0,"parent":0,"menu_order":0,"comment_status":"closed","ping_status":"closed","template":"","meta":{"site-sidebar-layout":"no-sidebar","site-content-layout":"","ast-site-content-layout":"full-width-container","site-content-style":"default","site-sidebar-style":"default","ast-global-header-display":"","ast-banner-title-visibility":"","ast-main-header-display":"","ast-hfb-above-header-display":"","ast-hfb-below-header-display":"","ast-hfb-mobile-header-display":"","site-post-title":"disabled","ast-breadcrumbs-content":"","ast-featured-img":"disabled","footer-sml-layout":"","theme-transparent-header-meta":"","adv-header-id-meta":"","stick-header-meta":"","header-above-stick-meta":"","header-main-stick-meta":"","header-below-stick-meta":"","astra-migrate-meta-layouts":"default","ast-page-background-enabled":"default","ast-page-background-meta":{"desktop":{"background-color":"var(--ast-global-color-5)","background-image":"","background-repeat":"repeat","background-position":"center center","background-size":"auto","background-attachment":"scroll","background-type":"","background-media":"","overlay-type":"","overlay-color":"","overlay-opacity":"","overlay-gradient":""},"tablet":{"background-color":"","background-image":"","background-repeat":"repeat","background-position":"center center","background-size":"auto","background-attachment":"scroll","background-type":"","background-media":"","overlay-type":"","overlay-color":"","overlay-opacity":"","overlay-gradient":""},"mobile":{"background-color":"","background-image":"","background-repeat":"repeat","background-position":"center center","background-size":"auto","background-attachment":"scroll","background-type":"","background-media":"","overlay-type":"","overlay-color":"","overlay-opacity":"","overlay-gradient":""}},"ast-content-background-meta":{"desktop":{"background-color":"var(--ast-global-color-4)","background-image":"","background-repeat":"repeat","background-position":"center center","background-size":"auto","background-attachment":"scroll","background-type":"","background-media":"","overlay-type":"","overlay-color":"","overlay-opacity":"","overlay-gradient":""},"tablet":{"background-color":"var(--ast-global-color-4)","background-image":"","background-repeat":"repeat","background-position":"center center","background-size":"auto","background-attachment":"scroll","background-type":"","background-media":"","overlay-type":"","overlay-color":"","overlay-opacity":"","overlay-gradient":""},"mobile":{"background-color":"var(--ast-global-color-4)","background-image":"","background-repeat":"repeat","background-position":"center center","background-size":"auto","background-attachment":"scroll","background-type":"","background-media":"","overlay-type":"","overlay-color":"","overlay-opacity":"","overlay-gradient":""}},"footnotes":""},"class_list":["post-30","page","type-page","status-publish","hentry"],"_links":{"self":[{"href":"https:\/\/maquinaria.actiontracker.eu\/index.php\/wp-json\/wp\/v2\/pages\/30","targetHints":{"allow":["GET"]}}],"collection":[{"href":"https:\/\/maquinaria.actiontracker.eu\/index.php\/wp-json\/wp\/v2\/pages"}],"about":[{"href":"https:\/\/maquinaria.actiontracker.eu\/index.php\/wp-json\/wp\/v2\/types\/page"}],"author":[{"embeddable":true,"href":"https:\/\/maquinaria.actiontracker.eu\/index.php\/wp-json\/wp\/v2\/users\/1"}],"replies":[{"embeddable":true,"href":"https:\/\/maquinaria.actiontracker.eu\/index.php\/wp-json\/wp\/v2\/comments?post=30"}],"version-history":[{"count":4,"href":"https:\/\/maquinaria.actiontracker.eu\/index.php\/wp-json\/wp\/v2\/pages\/30\/revisions"}],"predecessor-version":[{"id":38,"href":"https:\/\/maquinaria.actiontracker.eu\/index.php\/wp-json\/wp\/v2\/pages\/30\/revisions\/38"}],"wp:attachment":[{"href":"https:\/\/maquinaria.actiontracker.eu\/index.php\/wp-json\/wp\/v2\/media?parent=30"}],"curies":[{"name":"wp","href":"https:\/\/api.w.org\/{rel}","templated":true}]}}